{"id":3,"date":"2020-12-09T16:35:13","date_gmt":"2020-12-09T16:35:13","guid":{"rendered":"https:\/\/cosmosconsalvi.it\/?page_id=3"},"modified":"2026-02-17T08:48:31","modified_gmt":"2026-02-17T08:48:31","slug":"privacy-policy","status":"publish","type":"page","link":"https:\/\/cosmosconsalvi.it\/?page_id=3","title":{"rendered":"Privacy Policy"},"content":{"rendered":"\t\t<div data-elementor-type=\"wp-page\" data-elementor-id=\"3\" class=\"elementor elementor-3\" data-elementor-settings=\"[]\">\n\t\t\t\t\t\t<div class=\"elementor-inner\">\n\t\t\t\t\t\t\t<div class=\"elementor-section-wrap\">\n\t\t\t\t\t\t\t<section class=\"elementor-section elementor-top-section elementor-element elementor-element-380528a9 elementor-section-boxed elementor-section-height-default elementor-section-height-default\" data-id=\"380528a9\" data-element_type=\"section\">\n\t\t\t\t\t\t<div class=\"elementor-container elementor-column-gap-default\">\n\t\t\t\t\t\t\t<div class=\"elementor-row\">\n\t\t\t\t\t<div class=\"elementor-column elementor-col-100 elementor-top-column elementor-element elementor-element-7e44e0e9\" data-id=\"7e44e0e9\" data-element_type=\"column\">\n\t\t\t<div class=\"elementor-column-wrap elementor-element-populated\">\n\t\t\t\t\t\t\t<div class=\"elementor-widget-wrap\">\n\t\t\t\t\t\t<div class=\"elementor-element elementor-element-2e9f76d5 elementor-widget elementor-widget-text-editor\" data-id=\"2e9f76d5\" data-element_type=\"widget\" data-widget_type=\"text-editor.default\">\n\t\t\t\t<div class=\"elementor-widget-container\">\n\t\t\t\t\t<div class=\"elementor-text-editor elementor-clearfix\"><div role=\"main\"><div><section><div><article role=\"article\" data-history-node-id=\"28\" data-quickedit-entity-id=\"node\/28\" data-quickedit-entity-instance-id=\"0\"><div><div data-quickedit-field-id=\"node\/28\/body\/it\/full\"><h2>PRIVACY POLICY<\/h2><p>In questa pagina si descrivono le modalit\u00e0 di gestione del sito in riferimento al trattamento dei dati personali degli utenti che lo consultano. Si tratta di un\u2019informativa che \u00e8 resa anche ai sensi dell&#8217;art. 13 del GDPR 679\/2016 a coloro che interagiscono con i servizi web della Cosmos Consalvi S.r.l., accessibili per via telematica a partire dall\u2019indirizzo::https:\/\/cosmosconsalvi.it\/ o http:\/\/www.cosmosconsalvi.net\/ corrispondente alla pagina iniziale del sito ufficiale. L\u2019informativa \u00e8 resa solo per i siti www.cosmosconsalvi.net e www.cosmosconsalvi.it e non anche per altri siti web eventualmente consultati dall\u2019utente tramite link. L\u2019informativa si ispira anche alla Raccomandazione n. 2\/2001 che le autorit\u00e0 europee per la protezione dei dati personali, riunite nel Gruppo istituito dall\u2019art. 29 della direttiva n. 95\/46\/CE, hanno adottato il 17 maggio 2001 per individuare alcuni requisiti minimi per la raccolta di dati personali on-line, e, in particolare, le modalit\u00e0, i tempi e la natura delle informazioni che i titolari del trattamento devono fornire agli utenti quando questi si collegano a pagine web, indipendentemente dagli scopi del collegamento<\/p><h2>Il &#8220;titolare&#8221; del trattamento<\/h2><p>A seguito della consultazione di questo sito possono essere trattati dati relativi a persone identificate o identificabili. Il titolare del loro trattamento \u00e8 Cosmos Consalvi S.r.l. nella persona del legale rappresentante.<\/p><h2>Luogo di trattamento dei dati<\/h2><p>I trattamenti connessi ai servizi web di questo sito hanno luogo presso la predetta sede della Cosmos Consalvi S.r.l e sono curati solo da personale tecnico dell\u2019Ufficio incaricato del trattamento, oppure da eventuali incaricati di occasionali operazioni di manutenzione. Nessun dato derivante dal servizio web viene comunicato o diffuso. I dati personali forniti dagli utenti che inoltrano richieste di invio di materiale informativo, o per la pubblicazione degli annunci sono utilizzati al solo fine di eseguire il servizio o la prestazione richiesta e sono comunicati a terzi nel solo caso in cui ci\u00f2 sia a tal fine necessario.<\/p><h2>Finalit\u00e0 del trattamento dei dati<\/h2><p>I dati personali da Lei forniti attraverso la compilazione dei moduli presenti su questo sito verranno trattati da Cosmos Consalvi S.r.l. in quanto &#8216;titolare&#8217; del trattamento, in modo automatizzato e cartaceo per:<\/p><ul><li>l&#8217;invio di news letter, informazioni commerciali, pubblicitarie, offerte e inviti, utilizzando anche sistemi automatici, posta elettronica, messaggi sms;<\/li><li>fornirle le informazioni richieste;<\/li><li>predisporre quanto necessario per fornirle i servizi richiesti;<\/li><\/ul><p>I dati personali forniti dagli utenti che inoltrano richieste di invio di materiale informativo (cataloghi, listini, offerte, informazioni commerciali, ecc.) sono utilizzati al solo fine di eseguire il servizio o la prestazione richiesta.<\/p><h2>Tipi di dati trattati<\/h2><h3>Dati di navigazione<\/h3><p>I sistemi informatici e le procedure software preposte al funzionamento di questo sito web acquisiscono, nel corso del loro normale esercizio, alcuni dati personali la cui trasmissione \u00e8 implicita nell&#8217;uso dei protocolli di comunicazione di Internet. Si tratta di informazioni che non sono raccolte per essere associate a interessati identificati, ma che per loro stessa natura potrebbero, attraverso elaborazioni ed associazioni con dati detenuti da terzi, permettere di identificare gli utenti. In questa categoria di dati rientrano gli indirizzi IP o i nomi a dominio dei computer utilizzati dagli utenti che si connettono al sito, gli indirizzi in notazione URI (Uniform Resource Identifier) delle risorse richieste, l&#8217;orario della richiesta, il metodo utilizzato nel sottoporre la richiesta al server, la dimensione del file ottenuto in risposta, il codice numerico indicante lo stato della risposta data dal server (buon fine, errore, ecc.) ed altri parametri relativi al sistema operativo e all&#8217;ambiente informatico dell&#8217;utente. Questi dati vengono utilizzati al solo fine di ricavare informazioni statistiche anonime sull&#8217;uso del sito e per controllarne il corretto funzionamento e vengono cancellati immediatamente dopo l&#8217;elaborazione. I dati potrebbero essere utilizzati per l&#8217;accertamento di responsabilit\u00e0 in caso di ipotetici reati informatici ai danni del sito.<\/p><h3>Dati forniti volontariamente dall&#8217;utente<\/h3><p>L&#8217;invio facoltativo, esplicito e volontario di posta elettronica agli indirizzi indicati su questo sito comporta la successiva acquisizione dell&#8217;indirizzo del mittente, necessario per rispondere alle richieste, nonch\u00e9 degli eventuali altri dati personali inseriti nella missiva.<br \/>Se conceder\u00e0 il suo consenso, i suoi dati potranno essere comunicati a persone e\/o societ\u00e0 (proprietari, intermediari,..) associate o collegate alla azienda titolare del trattamento al fine di espletare il servizio richiesto. Il Titolare non \u00e8 responsabile del trattamento dei dati da parte dei destinatari della comunicazione che effettueranno il trattamento dei suoi dati in qualit\u00e0 di autonomi titolari. L&#8217;elenco completo dei destinatari della comunicazione dei suoi dati \u00e8 disponibile presso la sede del Titolare.<\/p><h3>Cookies<\/h3><p>Nessun dato personale degli utenti viene in proposito acquisito dal sito. Non viene fatto uso di cookies per la trasmissione di informazioni di carattere personale, n\u00e9 vengono utilizzati c.d. cookies persistenti di alcun tipo, ovvero sistemi per il tracciamento degli utenti. L&#8217;uso di c.d. cookies di sessione (che non vengono memorizzati in modo persistente sul computer dell&#8217;utente e svaniscono con la chiusura del browser) \u00e8 strettamente limitato alla trasmissione di identificativi di sessione (costituiti da numeri casuali generati dal server) necessari per consentire l&#8217;esplorazione sicura ed efficiente del sito. I c.d. cookies di sessione utilizzati in questo sito evitano il ricorso ad altre tecniche informatiche potenzialmente pregiudizievoli per la riservatezza della navigazione degli utenti e non consentono l&#8217;acquisizione di dati personali identificativi dell&#8217;utente.<\/p><h2>Facoltativit\u00e0 del conferimento dei dati<\/h2><p>A parte quanto specificato per i dati di navigazione, l&#8217;utente \u00e8 libero o meno di fornire i dati personali. Il loro mancato conferimento pu\u00f2 comportare l&#8217;impossibilit\u00e0 di ottenere quanto richiesto.<\/p><h2>Modalit\u00e0 del trattamento<\/h2><p>I dati personali sono trattati con strumenti automatizzati per il tempo strettamente necessario a conseguire gli scopi per cui sono stati raccolti. Specifiche misure di sicurezza sono osservate per prevenire la perdita dei dati, usi illeciti o non corretti ed accessi non autorizzati.<\/p><h2>Diritti degli interessati<\/h2><p>I soggetti cui si riferiscono i dati personali hanno il diritto in qualunque momento di ottenere la conferma dell&#8217;esistenza o meno dei medesimi dati e di conoscerne il contenuto e l&#8217;origine, verificarne l&#8217;esattezza o chiederne l&#8217;integrazione o l&#8217;aggiornamento, oppure la rettifica (si veda per completezza art. 7 del d.lgs. n. 196\/2003). Ai sensi del medesimo articolo si ha il diritto di chiedere la cancellazione, la trasformazione in forma anonima o il blocco dei dati trattati in violazione di legge, nonch\u00e9 di opporsi in ogni caso, per motivi legittimi, al loro trattamento. Le richieste vanno rivolte al Titolare del trattamento Cosmos Consalvi S.r.l. (si veda sotto). La presente costituisce la &#8220;Privacy Policy&#8221; di questo sito che sar\u00e0 soggetta ad aggiornamenti (restano le varie versioni consultabili al medesimo indirizzo).<\/p><h2>Elenco Responsabili Privacy (art. 13 D. Lgs. 196\/2003)<\/h2><p>Il seguente elenco dei Responsabili in ambito Privacy dell&#8217;azienda Cosmos Consalvi S.r.l. viene pubblicato ai sensi dell&#8217;art. 13, comma 1, lettera f, del &#8220;Codice in materia di protezione dei dati personali&#8221; (D. Lgs. n. 196\/03), al fine di rendere conoscibili a tutti gli interessati quali siano i Responsabili del trattamento dei dati personali effettuato da codesta azienda.<\/p><h2>Elenco dei Responsabili<\/h2><p>Cosmos Consalvi S.r.l.\u00a0 Via Osteria San Martino 129\/o, 06060 Agello (PG), Codice Fiscale e P.IVA 02821420540. Tel.\u00a0+39\u00a0<span dir=\"ltr\">075 69 51 43<\/span>\u200e\u00a0<\/p><p>\u00a0<\/p><\/div><\/div><\/article><\/div><\/section><aside role=\"complementary\"><div><section data-quickedit-entity-id=\"block_content\/2\" data-quickedit-entity-instance-id=\"0\"><h2>\u00a0<\/h2><\/section><\/div><\/aside><\/div><\/div><footer role=\"contentinfo\"><div><nav role=\"navigation\" aria-labelledby=\"block-cosmosconsalvi-footer-menu\"><ul><li>\u00a0<\/li><\/ul><\/nav><\/div><\/footer><\/div>\n\t\t\t\t<\/div>\n\t\t\t\t<\/div>\n\t\t\t\t\t\t<\/div>\n\t\t\t\t\t<\/div>\n\t\t<\/div>\n\t\t\t\t\t\t\t\t<\/div>\n\t\t\t\t\t<\/div>\n\t\t<\/section>\n\t\t\t\t\t\t<\/div>\n\t\t\t\t\t\t<\/div>\n\t\t\t\t\t<\/div>\n\t\t","protected":false},"excerpt":{"rendered":"<p>PRIVACY POLICY In questa pagina si descrivono le modalit\u00e0 di gestione del sito in riferimento al trattamento dei dati personali degli utenti che lo consultano. Si tratta di un\u2019informativa che \u00e8 resa anche ai sensi dell&#8217;art. 13 del GDPR 679\/2016 a coloro che interagiscono con i servizi web della Cosmos Consalvi S.r.l., accessibili per via [&hellip;]<\/p>\n","protected":false},"author":1,"featured_media":0,"parent":0,"menu_order":0,"comment_status":"closed","ping_status":"open","template":"","meta":{"footnotes":""},"class_list":["post-3","page","type-page","status-publish","hentry"],"_links":{"self":[{"href":"https:\/\/cosmosconsalvi.it\/index.php?rest_route=\/wp\/v2\/pages\/3","targetHints":{"allow":["GET"]}}],"collection":[{"href":"https:\/\/cosmosconsalvi.it\/index.php?rest_route=\/wp\/v2\/pages"}],"about":[{"href":"https:\/\/cosmosconsalvi.it\/index.php?rest_route=\/wp\/v2\/types\/page"}],"author":[{"embeddable":true,"href":"https:\/\/cosmosconsalvi.it\/index.php?rest_route=\/wp\/v2\/users\/1"}],"replies":[{"embeddable":true,"href":"https:\/\/cosmosconsalvi.it\/index.php?rest_route=%2Fwp%2Fv2%2Fcomments&post=3"}],"version-history":[{"count":0,"href":"https:\/\/cosmosconsalvi.it\/index.php?rest_route=\/wp\/v2\/pages\/3\/revisions"}],"wp:attachment":[{"href":"https:\/\/cosmosconsalvi.it\/index.php?rest_route=%2Fwp%2Fv2%2Fmedia&parent=3"}],"curies":[{"name":"wp","href":"https:\/\/api.w.org\/{rel}","templated":true}]}}